{"id":2945,"date":"2025-11-05T13:04:53","date_gmt":"2025-11-05T11:04:53","guid":{"rendered":"https:\/\/noram-intl.com\/miljoarbete\/"},"modified":"2025-11-10T10:21:10","modified_gmt":"2025-11-10T08:21:10","slug":"miljoarbete","status":"publish","type":"page","link":"https:\/\/noram-intl.com\/sv\/miljoarbete\/","title":{"rendered":"Milj\u00f6arbete"},"content":{"rendered":"<p>[et_pb_section fb_built=&#8221;1&#8243; next_background_color=&#8221;#f7f7f7&#8243; admin_label=&#8221;Hero&#8221; _builder_version=&#8221;4.27.4&#8243; use_background_color_gradient=&#8221;on&#8221; background_color_gradient_direction=&#8221;70deg&#8221; background_color_gradient_stops=&#8221;#283d4b 0%|rgba(128,103,79,0.23) 37%&#8221; background_color_gradient_overlays_image=&#8221;on&#8221; background_color_gradient_start=&#8221;#283d4b&#8221; background_color_gradient_end=&#8221;rgba(128,103,79,0.5)&#8221; background_image=&#8221;https:\/\/noram-intl.com\/wp-content\/uploads\/2025\/11\/waterfall-5312692_1920_besk.jpg&#8221; custom_margin=&#8221;||||false|false&#8221; custom_padding=&#8221;13vw||205px||false|false&#8221; bottom_divider_style=&#8221;mountains2&#8243; bottom_divider_height=&#8221;20vw&#8221; bottom_divider_repeat=&#8221;0.5x&#8221; bottom_divider_flip=&#8221;horizontal|vertical&#8221; hover_enabled=&#8221;0&#8243; global_colors_info=&#8221;{}&#8221; sticky_enabled=&#8221;0&#8243;][et_pb_row _builder_version=&#8221;4.16&#8243; custom_margin=&#8221;|||&#8221; custom_padding=&#8221;27px|0px|0|0px|false|false&#8221; global_colors_info=&#8221;{}&#8221;][et_pb_column type=&#8221;4_4&#8243; _builder_version=&#8221;4.16&#8243; custom_padding=&#8221;|||&#8221; global_colors_info=&#8221;{}&#8221; custom_padding__hover=&#8221;|||&#8221;][et_pb_text _builder_version=&#8221;4.27.4&#8243; text_font=&#8221;||||||||&#8221; header_font=&#8221;Josefin Sans|700||on|||||&#8221; header_font_size=&#8221;41px&#8221; header_line_height=&#8221;1.4em&#8221; header_2_font=&#8221;Josefin Sans||||||||&#8221; header_2_text_color=&#8221;rgba(255,255,255,0.6)&#8221; header_2_font_size=&#8221;32px&#8221; header_2_line_height=&#8221;1.4em&#8221; header_3_font=&#8221;|||on|||||&#8221; background_layout=&#8221;dark&#8221; animation_style=&#8221;slide&#8221; animation_direction=&#8221;right&#8221; animation_intensity_slide=&#8221;4%&#8221; header_font_size_tablet=&#8221;50px&#8221; header_font_size_phone=&#8221;32px&#8221; header_font_size_last_edited=&#8221;on|desktop&#8221; header_2_font_size_tablet=&#8221;&#8221; header_2_font_size_phone=&#8221;24px&#8221; header_2_font_size_last_edited=&#8221;on|phone&#8221; global_colors_info=&#8221;{}&#8221;]<\/p>\n<h1>Vi ser h\u00e5llbarhet som en del av v\u00e5r ingenj\u00f6rskonst \u2013 inte som ett till\u00e4gg.<\/h1>\n<p>[\/et_pb_text][\/et_pb_column][\/et_pb_row][\/et_pb_section][et_pb_section fb_built=&#8221;1&#8243; admin_label=&#8221;Services&#8221; _builder_version=&#8221;4.22.2&#8243; background_color=&#8221;#f7f7f7&#8243; custom_padding=&#8221;0px|0px|54px|0|false|false&#8221; global_colors_info=&#8221;{}&#8221;][et_pb_row _builder_version=&#8221;4.16&#8243; custom_padding=&#8221;30px|0px|0|0px|false|false&#8221; global_colors_info=&#8221;{}&#8221;][et_pb_column type=&#8221;4_4&#8243; _builder_version=&#8221;4.16&#8243; custom_padding=&#8221;|||&#8221; global_colors_info=&#8221;{}&#8221; custom_padding__hover=&#8221;|||&#8221;][et_pb_text _builder_version=&#8221;4.27.4&#8243; text_font=&#8221;||||||||&#8221; header_font=&#8221;||||||||&#8221; header_text_color=&#8221;rgba(0,0,0,0)&#8221; header_2_font=&#8221;Josefin Sans|700||on|||||&#8221; header_2_font_size=&#8221;48px&#8221; header_2_line_height=&#8221;1.4em&#8221; header_3_font=&#8221;Josefin Sans|700||on|||||&#8221; header_3_text_color=&#8221;rgba(43,51,68,0.2)&#8221; max_width=&#8221;700px&#8221; custom_margin=&#8221;|||&#8221; custom_padding=&#8221;|||&#8221; header_2_font_size_tablet=&#8221;&#8221; header_2_font_size_phone=&#8221;24px&#8221; header_2_font_size_last_edited=&#8221;on|phone&#8221; header_2_line_height_tablet=&#8221;1.4em&#8221; header_2_line_height_phone=&#8221;&#8221; header_2_line_height_last_edited=&#8221;on|desktop&#8221; global_colors_info=&#8221;{}&#8221;]<\/p>\n<h2>V\u00e5rt ansvar f\u00f6r framtiden<\/h2>\n<p>[\/et_pb_text][\/et_pb_column][\/et_pb_row][et_pb_row _builder_version=&#8221;4.16&#8243; global_colors_info=&#8221;{}&#8221;][et_pb_column type=&#8221;4_4&#8243; _builder_version=&#8221;4.16&#8243; custom_padding=&#8221;|||&#8221; global_colors_info=&#8221;{}&#8221; custom_padding__hover=&#8221;|||&#8221;][et_pb_text _builder_version=&#8221;4.27.4&#8243; text_font=&#8221;Open Sans||||||||&#8221; text_font_size=&#8221;18px&#8221; text_line_height=&#8221;1.8em&#8221; custom_padding=&#8221;|13rem|||false|false&#8221; custom_padding_tablet=&#8221;|5rem|||false|false&#8221; custom_padding_phone=&#8221;|0rem|||false|false&#8221; custom_padding_last_edited=&#8221;on|desktop&#8221; locked=&#8221;off&#8221; global_colors_info=&#8221;{}&#8221;]<\/p>\n<p><strong>V\u00e5r planet st\u00e5r inf\u00f6r stora utmaningar \u2013 klimatf\u00f6r\u00e4ndringar, resursbrist och behovet av omst\u00e4llning mot ett mer h\u00e5llbart samh\u00e4lle. P\u00e5 <g id=\"gid_0\">Noram International AB<\/g> tar vi v\u00e5rt ansvar p\u00e5 allvar. Genom teknisk innovation och l\u00e5ngsiktig planering vill vi bidra till en klimatneutral framtid och en industri med l\u00e4gre milj\u00f6p\u00e5verkan.  <\/strong><\/p>\n<p>[\/et_pb_text][\/et_pb_column][\/et_pb_row][et_pb_row column_structure=&#8221;1_2,1_2&#8243; _builder_version=&#8221;4.16&#8243; custom_padding=&#8221;3px|||||&#8221; global_colors_info=&#8221;{}&#8221;][et_pb_column type=&#8221;1_2&#8243; _builder_version=&#8221;4.16&#8243; custom_padding=&#8221;|||&#8221; global_colors_info=&#8221;{}&#8221; custom_padding__hover=&#8221;|||&#8221;][et_pb_text _builder_version=&#8221;4.27.4&#8243; text_font=&#8221;Open Sans||||||||&#8221; text_font_size=&#8221;18px&#8221; text_line_height=&#8221;1.8em&#8221; header_3_font=&#8221;|||on|||||&#8221; locked=&#8221;off&#8221; global_colors_info=&#8221;{}&#8221;]<\/p>\n<h3><b>H\u00e5llbarhet genom teknik och innovation<\/b><\/h3>\n<p>Som ingenj\u00f6rsf\u00f6retag ser vi att v\u00e5r st\u00f6rsta p\u00e5verkan sker genom de l\u00f6sningar vi utvecklar f\u00f6r v\u00e5ra kunder. Genom att designa energieffektiva system, minska utsl\u00e4pp och optimera resursanv\u00e4ndningen hj\u00e4lper vi industrin att n\u00e5 sina klimatm\u00e5l \u2013 utan att kompromissa med prestanda eller s\u00e4kerhet. <\/p>\n<p>[\/et_pb_text][\/et_pb_column][et_pb_column type=&#8221;1_2&#8243; _builder_version=&#8221;4.16&#8243; custom_padding=&#8221;|||&#8221; global_colors_info=&#8221;{}&#8221; custom_padding__hover=&#8221;|||&#8221;][et_pb_text _builder_version=&#8221;4.27.4&#8243; text_font=&#8221;Open Sans||||||||&#8221; text_font_size=&#8221;18px&#8221; text_line_height=&#8221;1.8em&#8221; header_3_font=&#8221;|||on|||||&#8221; locked=&#8221;off&#8221; global_colors_info=&#8221;{}&#8221;]<\/p>\n<h3><strong>Engagemang i hela organisationen<\/strong><\/h3>\n<p>H\u00e5llbarhetsarbetet p\u00e5 Noram bygger p\u00e5 samverkan och engagemang. Genom \u00f6ppna h\u00e5llbarhetsm\u00f6ten s\u00e4tter vi gemensamma m\u00e5l, f\u00f6ljer upp framsteg och inspirerar varandra till nya initiativ. Alla medarbetare har m\u00f6jlighet att bidra \u2013 f\u00f6r vi tror att verklig f\u00f6r\u00e4ndring skapas tillsammans.  <\/p>\n<p>[\/et_pb_text][\/et_pb_column][\/et_pb_row][\/et_pb_section]<\/p>\n","protected":false},"excerpt":{"rendered":"<p>Vi ser h\u00e5llbarhet som en del av v\u00e5r ingenj\u00f6rskonst \u2013 inte som ett till\u00e4gg.V\u00e5rt ansvar f\u00f6r framtidenV\u00e5r planet st\u00e5r inf\u00f6r stora utmaningar \u2013 klimatf\u00f6r\u00e4ndringar, resursbrist och behovet av omst\u00e4llning mot ett mer h\u00e5llbart samh\u00e4lle. P\u00e5 Noram International AB tar vi v\u00e5rt ansvar p\u00e5 allvar. Genom teknisk innovation och l\u00e5ngsiktig planering vill vi bidra till en [&hellip;]<\/p>\n","protected":false},"author":3,"featured_media":0,"parent":0,"menu_order":0,"comment_status":"closed","ping_status":"closed","template":"","meta":{"_et_pb_use_builder":"on","_et_pb_old_content":"","_et_gb_content_width":"","inline_featured_image":false,"footnotes":""},"class_list":["post-2945","page","type-page","status-publish","hentry"],"yoast_head":"<!-- This site is optimized with the Yoast SEO plugin v27.4 - https:\/\/yoast.com\/product\/yoast-seo-wordpress\/ -->\n<title>Milj\u00f6arbete - Noram International<\/title>\n<meta name=\"description\" content=\"En belgisk syrafabrik har f\u00e5tt nytt liv efter att en specialdesignad NORAM-omvandlare i rostfritt st\u00e5l installerats.\" \/>\n<meta name=\"robots\" content=\"index, follow, max-snippet:-1, max-image-preview:large, max-video-preview:-1\" \/>\n<link rel=\"canonical\" href=\"https:\/\/noram-intl.com\/sv\/miljoarbete\/\" \/>\n<meta property=\"og:locale\" content=\"sv_SE\" \/>\n<meta property=\"og:type\" content=\"article\" \/>\n<meta property=\"og:title\" content=\"Milj\u00f6arbete - Noram International\" \/>\n<meta property=\"og:description\" content=\"En belgisk syrafabrik har f\u00e5tt nytt liv efter att en specialdesignad NORAM-omvandlare i rostfritt st\u00e5l installerats.\" \/>\n<meta property=\"og:url\" content=\"https:\/\/noram-intl.com\/sv\/miljoarbete\/\" \/>\n<meta property=\"og:site_name\" content=\"Noram International\" \/>\n<meta property=\"article:modified_time\" content=\"2025-11-10T08:21:10+00:00\" \/>\n<meta name=\"twitter:card\" content=\"summary_large_image\" \/>\n<meta name=\"twitter:label1\" content=\"Ber\u00e4knad l\u00e4stid\" \/>\n\t<meta name=\"twitter:data1\" content=\"4 minuter\" \/>\n<script type=\"application\/ld+json\" class=\"yoast-schema-graph\">{\"@context\":\"https:\\\/\\\/schema.org\",\"@graph\":[{\"@type\":\"WebPage\",\"@id\":\"https:\\\/\\\/noram-intl.com\\\/sv\\\/miljoarbete\\\/\",\"url\":\"https:\\\/\\\/noram-intl.com\\\/sv\\\/miljoarbete\\\/\",\"name\":\"Milj\u00f6arbete - Noram International\",\"isPartOf\":{\"@id\":\"https:\\\/\\\/noram-intl.com\\\/sv\\\/#website\"},\"datePublished\":\"2025-11-05T11:04:53+00:00\",\"dateModified\":\"2025-11-10T08:21:10+00:00\",\"description\":\"En belgisk syrafabrik har f\u00e5tt nytt liv efter att en specialdesignad NORAM-omvandlare i rostfritt st\u00e5l installerats.\",\"breadcrumb\":{\"@id\":\"https:\\\/\\\/noram-intl.com\\\/sv\\\/miljoarbete\\\/#breadcrumb\"},\"inLanguage\":\"sv-SE\",\"potentialAction\":[{\"@type\":\"ReadAction\",\"target\":[\"https:\\\/\\\/noram-intl.com\\\/sv\\\/miljoarbete\\\/\"]}]},{\"@type\":\"BreadcrumbList\",\"@id\":\"https:\\\/\\\/noram-intl.com\\\/sv\\\/miljoarbete\\\/#breadcrumb\",\"itemListElement\":[{\"@type\":\"ListItem\",\"position\":1,\"name\":\"Hem\",\"item\":\"https:\\\/\\\/noram-intl.com\\\/sv\\\/\"},{\"@type\":\"ListItem\",\"position\":2,\"name\":\"Milj\u00f6arbete\"}]},{\"@type\":\"WebSite\",\"@id\":\"https:\\\/\\\/noram-intl.com\\\/sv\\\/#website\",\"url\":\"https:\\\/\\\/noram-intl.com\\\/sv\\\/\",\"name\":\"Noram International\",\"description\":\"Global technology and engineering solutions for the process and resource industries\",\"potentialAction\":[{\"@type\":\"SearchAction\",\"target\":{\"@type\":\"EntryPoint\",\"urlTemplate\":\"https:\\\/\\\/noram-intl.com\\\/sv\\\/?s={search_term_string}\"},\"query-input\":{\"@type\":\"PropertyValueSpecification\",\"valueRequired\":true,\"valueName\":\"search_term_string\"}}],\"inLanguage\":\"sv-SE\"}]}<\/script>\n<!-- \/ Yoast SEO plugin. -->","yoast_head_json":{"title":"Milj\u00f6arbete - Noram International","description":"En belgisk syrafabrik har f\u00e5tt nytt liv efter att en specialdesignad NORAM-omvandlare i rostfritt st\u00e5l installerats.","robots":{"index":"index","follow":"follow","max-snippet":"max-snippet:-1","max-image-preview":"max-image-preview:large","max-video-preview":"max-video-preview:-1"},"canonical":"https:\/\/noram-intl.com\/sv\/miljoarbete\/","og_locale":"sv_SE","og_type":"article","og_title":"Milj\u00f6arbete - Noram International","og_description":"En belgisk syrafabrik har f\u00e5tt nytt liv efter att en specialdesignad NORAM-omvandlare i rostfritt st\u00e5l installerats.","og_url":"https:\/\/noram-intl.com\/sv\/miljoarbete\/","og_site_name":"Noram International","article_modified_time":"2025-11-10T08:21:10+00:00","twitter_card":"summary_large_image","twitter_misc":{"Ber\u00e4knad l\u00e4stid":"4 minuter"},"schema":{"@context":"https:\/\/schema.org","@graph":[{"@type":"WebPage","@id":"https:\/\/noram-intl.com\/sv\/miljoarbete\/","url":"https:\/\/noram-intl.com\/sv\/miljoarbete\/","name":"Milj\u00f6arbete - Noram International","isPartOf":{"@id":"https:\/\/noram-intl.com\/sv\/#website"},"datePublished":"2025-11-05T11:04:53+00:00","dateModified":"2025-11-10T08:21:10+00:00","description":"En belgisk syrafabrik har f\u00e5tt nytt liv efter att en specialdesignad NORAM-omvandlare i rostfritt st\u00e5l installerats.","breadcrumb":{"@id":"https:\/\/noram-intl.com\/sv\/miljoarbete\/#breadcrumb"},"inLanguage":"sv-SE","potentialAction":[{"@type":"ReadAction","target":["https:\/\/noram-intl.com\/sv\/miljoarbete\/"]}]},{"@type":"BreadcrumbList","@id":"https:\/\/noram-intl.com\/sv\/miljoarbete\/#breadcrumb","itemListElement":[{"@type":"ListItem","position":1,"name":"Hem","item":"https:\/\/noram-intl.com\/sv\/"},{"@type":"ListItem","position":2,"name":"Milj\u00f6arbete"}]},{"@type":"WebSite","@id":"https:\/\/noram-intl.com\/sv\/#website","url":"https:\/\/noram-intl.com\/sv\/","name":"Noram International","description":"Global technology and engineering solutions for the process and resource industries","potentialAction":[{"@type":"SearchAction","target":{"@type":"EntryPoint","urlTemplate":"https:\/\/noram-intl.com\/sv\/?s={search_term_string}"},"query-input":{"@type":"PropertyValueSpecification","valueRequired":true,"valueName":"search_term_string"}}],"inLanguage":"sv-SE"}]}},"featured_image_src":null,"featured_image_src_square":null,"_links":{"self":[{"href":"https:\/\/noram-intl.com\/sv\/wp-json\/wp\/v2\/pages\/2945","targetHints":{"allow":["GET"]}}],"collection":[{"href":"https:\/\/noram-intl.com\/sv\/wp-json\/wp\/v2\/pages"}],"about":[{"href":"https:\/\/noram-intl.com\/sv\/wp-json\/wp\/v2\/types\/page"}],"author":[{"embeddable":true,"href":"https:\/\/noram-intl.com\/sv\/wp-json\/wp\/v2\/users\/3"}],"replies":[{"embeddable":true,"href":"https:\/\/noram-intl.com\/sv\/wp-json\/wp\/v2\/comments?post=2945"}],"version-history":[{"count":4,"href":"https:\/\/noram-intl.com\/sv\/wp-json\/wp\/v2\/pages\/2945\/revisions"}],"predecessor-version":[{"id":2952,"href":"https:\/\/noram-intl.com\/sv\/wp-json\/wp\/v2\/pages\/2945\/revisions\/2952"}],"wp:attachment":[{"href":"https:\/\/noram-intl.com\/sv\/wp-json\/wp\/v2\/media?parent=2945"}],"curies":[{"name":"wp","href":"https:\/\/api.w.org\/{rel}","templated":true}]}}