{"id":2109,"date":"2025-02-27T12:23:59","date_gmt":"2025-02-27T10:23:59","guid":{"rendered":"https:\/\/noram-intl.com\/pryon\/"},"modified":"2025-06-10T16:15:38","modified_gmt":"2025-06-10T14:15:38","slug":"pryon","status":"publish","type":"page","link":"https:\/\/noram-intl.com\/sv\/pryon\/","title":{"rendered":"Cases"},"content":{"rendered":"<p>[et_pb_section fb_built=&#8221;1&#8243; next_background_color=&#8221;#f7f7f7&#8243; admin_label=&#8221;Hero&#8221; _builder_version=&#8221;4.27.4&#8243; use_background_color_gradient=&#8221;on&#8221; background_color_gradient_direction=&#8221;70deg&#8221; background_color_gradient_stops=&#8221;#283d4b 0%|rgba(128,103,79,0.5) 100%&#8221; background_color_gradient_overlays_image=&#8221;on&#8221; background_color_gradient_start=&#8221;#283d4b&#8221; background_color_gradient_end=&#8221;rgba(128,103,79,0.5)&#8221; background_image=&#8221;https:\/\/noram-intl.com\/wp-content\/uploads\/2023\/10\/port-arthur-1584098_1920.jpg&#8221; custom_margin=&#8221;||||false|false&#8221; custom_padding=&#8221;14vw||306px||false|false&#8221; bottom_divider_style=&#8221;mountains2&#8243; bottom_divider_height=&#8221;20vw&#8221; bottom_divider_repeat=&#8221;0.5x&#8221; bottom_divider_flip=&#8221;horizontal|vertical&#8221; global_colors_info=&#8221;{}&#8221;][et_pb_row _builder_version=&#8221;4.16&#8243; custom_margin=&#8221;|||&#8221; custom_padding=&#8221;27px|0px|0|0px|false|false&#8221; global_colors_info=&#8221;{}&#8221;][et_pb_column type=&#8221;4_4&#8243; _builder_version=&#8221;4.16&#8243; custom_padding=&#8221;|||&#8221; global_colors_info=&#8221;{}&#8221; custom_padding__hover=&#8221;|||&#8221;][et_pb_text _builder_version=&#8221;4.27.4&#8243; text_font=&#8221;||||||||&#8221; header_font=&#8221;Josefin Sans|700||on|||||&#8221; header_font_size=&#8221;41px&#8221; header_line_height=&#8221;1.4em&#8221; header_2_font=&#8221;Josefin Sans||||||||&#8221; header_2_text_color=&#8221;rgba(255,255,255,0.6)&#8221; header_2_font_size=&#8221;32px&#8221; header_2_line_height=&#8221;1.4em&#8221; header_3_font=&#8221;|||on|||||&#8221; background_layout=&#8221;dark&#8221; animation_style=&#8221;slide&#8221; animation_direction=&#8221;right&#8221; animation_intensity_slide=&#8221;4%&#8221; header_font_size_tablet=&#8221;50px&#8221; header_font_size_phone=&#8221;32px&#8221; header_font_size_last_edited=&#8221;on|desktop&#8221; header_2_font_size_tablet=&#8221;&#8221; header_2_font_size_phone=&#8221;24px&#8221; header_2_font_size_last_edited=&#8221;on|phone&#8221; global_colors_info=&#8221;{}&#8221;]<\/p>\n<h1><span>cases<\/span><\/h1>\n<p>[\/et_pb_text][\/et_pb_column][\/et_pb_row][\/et_pb_section][et_pb_section fb_built=&#8221;1&#8243; admin_label=&#8221;Services&#8221; _builder_version=&#8221;4.22.2&#8243; background_color=&#8221;#f7f7f7&#8243; custom_padding=&#8221;0px|0px|54px|0|false|false&#8221; global_colors_info=&#8221;{}&#8221;][et_pb_row _builder_version=&#8221;4.16&#8243; custom_padding=&#8221;30px|0px|0|0px|false|false&#8221; global_colors_info=&#8221;{}&#8221;][et_pb_column type=&#8221;4_4&#8243; _builder_version=&#8221;4.16&#8243; custom_padding=&#8221;|||&#8221; global_colors_info=&#8221;{}&#8221; custom_padding__hover=&#8221;|||&#8221;][et_pb_text _builder_version=&#8221;4.27.4&#8243; text_font=&#8221;||||||||&#8221; header_font=&#8221;||||||||&#8221; header_text_color=&#8221;rgba(0,0,0,0)&#8221; header_2_font=&#8221;Josefin Sans|700||on|||||&#8221; header_2_font_size=&#8221;48px&#8221; header_2_line_height=&#8221;1.4em&#8221; header_3_font=&#8221;Josefin Sans|700||on|||||&#8221; header_3_text_color=&#8221;rgba(43,51,68,0.2)&#8221; max_width=&#8221;700px&#8221; custom_margin=&#8221;|||&#8221; custom_padding=&#8221;|||&#8221; header_2_font_size_tablet=&#8221;&#8221; header_2_font_size_phone=&#8221;24px&#8221; header_2_font_size_last_edited=&#8221;on|phone&#8221; header_2_line_height_tablet=&#8221;1.4em&#8221; header_2_line_height_phone=&#8221;&#8221; header_2_line_height_last_edited=&#8221;on|desktop&#8221; global_colors_info=&#8221;{}&#8221;]<\/p>\n<h2><span>Utbyte av konverterare och kanalsystem, EPC<\/span><\/h2>\n<p>[\/et_pb_text][\/et_pb_column][\/et_pb_row][et_pb_row _builder_version=&#8221;4.16&#8243; global_colors_info=&#8221;{}&#8221;][et_pb_column type=&#8221;4_4&#8243; _builder_version=&#8221;4.16&#8243; custom_padding=&#8221;|||&#8221; global_colors_info=&#8221;{}&#8221; custom_padding__hover=&#8221;|||&#8221;][et_pb_text _builder_version=&#8221;4.27.4&#8243; text_font=&#8221;Open Sans||||||||&#8221; text_font_size=&#8221;18px&#8221; text_line_height=&#8221;1.8em&#8221; custom_padding=&#8221;|34rem|||false|false&#8221; custom_padding_tablet=&#8221;|6rem|||false|false&#8221; custom_padding_phone=&#8221;|0rem|||false|false&#8221; custom_padding_last_edited=&#8221;on|desktop&#8221; locked=&#8221;off&#8221; global_colors_info=&#8221;{}&#8221;]<\/p>\n<p><strong>En belgisk anl\u00e4ggning f\u00f6r svavelsyra har f\u00e5tt nytt liv efter att en specialdesignad NORAM-konverterare i rostfritt st\u00e5l ersatt en som varit i drift i n\u00e4stan ett halvsekel.<\/strong><\/p>\n<p>[\/et_pb_text][\/et_pb_column][\/et_pb_row][et_pb_row column_structure=&#8221;1_2,1_2&#8243; _builder_version=&#8221;4.16&#8243; custom_padding=&#8221;0px|||||&#8221; global_colors_info=&#8221;{}&#8221;][et_pb_column type=&#8221;1_2&#8243; _builder_version=&#8221;4.16&#8243; custom_padding=&#8221;|||&#8221; global_colors_info=&#8221;{}&#8221; custom_padding__hover=&#8221;|||&#8221;][et_pb_text _builder_version=&#8221;4.27.4&#8243; text_font=&#8221;Open Sans||||||||&#8221; text_font_size=&#8221;18px&#8221; text_line_height=&#8221;1.8em&#8221; locked=&#8221;off&#8221; global_colors_info=&#8221;{}&#8221;]<\/p>\n<p>Utmaningen \u2013 att f\u00e5 plats med en \u00e4nnu st\u00f6rre konverterare inom en redan begr\u00e4nsad yta.<\/p>\n<p>NORAM:s konverterare i rostfritt st\u00e5l har satt designstandarder f\u00f6r svavelsyraanl\u00e4ggningar under m\u00e5nga \u00e5r. Konverterarens operativa flexibilitet och prestandakapacitet, som uppfyller strikta nya krav p\u00e5 SO\u2082-utsl\u00e4pp, uppfyllde de tv\u00e5 f\u00f6rsta urvalskriterierna. Att placera den nya 6,2 meter stora konverteraren och tillh\u00f6rande r\u00f6rledningar inom de givna utrymmesbegr\u00e4nsningarna uppfyllde det tredje.<\/p>\n<p>[\/et_pb_text][\/et_pb_column][et_pb_column type=&#8221;1_2&#8243; _builder_version=&#8221;4.16&#8243; custom_padding=&#8221;|||&#8221; global_colors_info=&#8221;{}&#8221; custom_padding__hover=&#8221;|||&#8221;][et_pb_text _builder_version=&#8221;4.27.4&#8243; text_font=&#8221;Open Sans||||||||&#8221; text_font_size=&#8221;18px&#8221; text_line_height=&#8221;1.8em&#8221; locked=&#8221;off&#8221; global_colors_info=&#8221;{}&#8221;]<\/p>\n<p style=\"font-weight: 400;\">Fyrstegs-konverteraren tillverkades p\u00e5 annan plats och transporterades med pr\u00e5m via flod till anl\u00e4ggningen i ett stycke, innan den lyftes p\u00e5 plats med millimeterprecision under ett 42-dagars stopp. Design, leverans, rivning och installation hanterades genom NORAM International AB:s (Sverige) kontor p\u00e5 EPC-basis, med st\u00f6d av underleverant\u00f6rer fr\u00e5n Belgien. <\/p>\n<p>[\/et_pb_text][\/et_pb_column][\/et_pb_row][et_pb_row _builder_version=&#8221;4.27.4&#8243; _module_preset=&#8221;default&#8221; custom_padding=&#8221;13px|||||&#8221; global_colors_info=&#8221;{}&#8221;][et_pb_column type=&#8221;4_4&#8243; _builder_version=&#8221;4.27.4&#8243; _module_preset=&#8221;default&#8221; global_colors_info=&#8221;{}&#8221;][et_pb_image src=&#8221;https:\/\/noram-intl.com\/wp-content\/uploads\/2025\/02\/Besk_toppbild_pryon.jpg&#8221; title_text=&#8221;Besk_toppbild_pryon&#8221; _builder_version=&#8221;4.27.4&#8243; _module_preset=&#8221;default&#8221; global_colors_info=&#8221;{}&#8221;][\/et_pb_image][\/et_pb_column][\/et_pb_row][\/et_pb_section]<\/p>\n","protected":false},"excerpt":{"rendered":"<p>casesUtbyte av konverterare och kanalsystem, EPCEn belgisk anl\u00e4ggning f\u00f6r svavelsyra har f\u00e5tt nytt liv efter att en specialdesignad NORAM-konverterare i rostfritt st\u00e5l ersatt en som varit i drift i n\u00e4stan ett halvsekel.Utmaningen \u2013 att f\u00e5 plats med en \u00e4nnu st\u00f6rre konverterare inom en redan begr\u00e4nsad yta. NORAM:s konverterare i rostfritt st\u00e5l har satt designstandarder f\u00f6r [&hellip;]<\/p>\n","protected":false},"author":3,"featured_media":0,"parent":0,"menu_order":0,"comment_status":"closed","ping_status":"closed","template":"","meta":{"_et_pb_use_builder":"on","_et_pb_old_content":"","_et_gb_content_width":"","inline_featured_image":false,"footnotes":""},"class_list":["post-2109","page","type-page","status-publish","hentry"],"yoast_head":"<!-- This site is optimized with the Yoast SEO plugin v27.4 - https:\/\/yoast.com\/product\/yoast-seo-wordpress\/ -->\n<title>Cases - Noram International<\/title>\n<meta name=\"description\" content=\"En belgisk anl\u00e4ggning f\u00f6r svavelsyra fick nytt liv efter att en NORAM-konverterare i rostfritt st\u00e5l ersatt den gamla.\" \/>\n<meta name=\"robots\" content=\"index, follow, max-snippet:-1, max-image-preview:large, max-video-preview:-1\" \/>\n<link rel=\"canonical\" href=\"https:\/\/noram-intl.com\/sv\/pryon\/\" \/>\n<meta property=\"og:locale\" content=\"sv_SE\" \/>\n<meta property=\"og:type\" content=\"article\" \/>\n<meta property=\"og:title\" content=\"Cases - Noram International\" \/>\n<meta property=\"og:description\" content=\"En belgisk anl\u00e4ggning f\u00f6r svavelsyra fick nytt liv efter att en NORAM-konverterare i rostfritt st\u00e5l ersatt den gamla.\" \/>\n<meta property=\"og:url\" content=\"https:\/\/noram-intl.com\/sv\/pryon\/\" \/>\n<meta property=\"og:site_name\" content=\"Noram International\" \/>\n<meta property=\"article:modified_time\" content=\"2025-06-10T14:15:38+00:00\" \/>\n<meta name=\"twitter:card\" content=\"summary_large_image\" \/>\n<meta name=\"twitter:label1\" content=\"Ber\u00e4knad l\u00e4stid\" \/>\n\t<meta name=\"twitter:data1\" content=\"1 minut\" \/>\n<script type=\"application\/ld+json\" class=\"yoast-schema-graph\">{\"@context\":\"https:\\\/\\\/schema.org\",\"@graph\":[{\"@type\":\"WebPage\",\"@id\":\"https:\\\/\\\/noram-intl.com\\\/sv\\\/pryon\\\/\",\"url\":\"https:\\\/\\\/noram-intl.com\\\/sv\\\/pryon\\\/\",\"name\":\"Cases - Noram International\",\"isPartOf\":{\"@id\":\"https:\\\/\\\/noram-intl.com\\\/sv\\\/#website\"},\"datePublished\":\"2025-02-27T10:23:59+00:00\",\"dateModified\":\"2025-06-10T14:15:38+00:00\",\"description\":\"En belgisk anl\u00e4ggning f\u00f6r svavelsyra fick nytt liv efter att en NORAM-konverterare i rostfritt st\u00e5l ersatt den gamla.\",\"breadcrumb\":{\"@id\":\"https:\\\/\\\/noram-intl.com\\\/sv\\\/pryon\\\/#breadcrumb\"},\"inLanguage\":\"sv-SE\",\"potentialAction\":[{\"@type\":\"ReadAction\",\"target\":[\"https:\\\/\\\/noram-intl.com\\\/sv\\\/pryon\\\/\"]}]},{\"@type\":\"BreadcrumbList\",\"@id\":\"https:\\\/\\\/noram-intl.com\\\/sv\\\/pryon\\\/#breadcrumb\",\"itemListElement\":[{\"@type\":\"ListItem\",\"position\":1,\"name\":\"Hem\",\"item\":\"https:\\\/\\\/noram-intl.com\\\/sv\\\/\"},{\"@type\":\"ListItem\",\"position\":2,\"name\":\"Cases\"}]},{\"@type\":\"WebSite\",\"@id\":\"https:\\\/\\\/noram-intl.com\\\/sv\\\/#website\",\"url\":\"https:\\\/\\\/noram-intl.com\\\/sv\\\/\",\"name\":\"Noram International\",\"description\":\"Global technology and engineering solutions for the process and resource industries\",\"potentialAction\":[{\"@type\":\"SearchAction\",\"target\":{\"@type\":\"EntryPoint\",\"urlTemplate\":\"https:\\\/\\\/noram-intl.com\\\/sv\\\/?s={search_term_string}\"},\"query-input\":{\"@type\":\"PropertyValueSpecification\",\"valueRequired\":true,\"valueName\":\"search_term_string\"}}],\"inLanguage\":\"sv-SE\"}]}<\/script>\n<!-- \/ Yoast SEO plugin. -->","yoast_head_json":{"title":"Cases - Noram International","description":"En belgisk anl\u00e4ggning f\u00f6r svavelsyra fick nytt liv efter att en NORAM-konverterare i rostfritt st\u00e5l ersatt den gamla.","robots":{"index":"index","follow":"follow","max-snippet":"max-snippet:-1","max-image-preview":"max-image-preview:large","max-video-preview":"max-video-preview:-1"},"canonical":"https:\/\/noram-intl.com\/sv\/pryon\/","og_locale":"sv_SE","og_type":"article","og_title":"Cases - Noram International","og_description":"En belgisk anl\u00e4ggning f\u00f6r svavelsyra fick nytt liv efter att en NORAM-konverterare i rostfritt st\u00e5l ersatt den gamla.","og_url":"https:\/\/noram-intl.com\/sv\/pryon\/","og_site_name":"Noram International","article_modified_time":"2025-06-10T14:15:38+00:00","twitter_card":"summary_large_image","twitter_misc":{"Ber\u00e4knad l\u00e4stid":"1 minut"},"schema":{"@context":"https:\/\/schema.org","@graph":[{"@type":"WebPage","@id":"https:\/\/noram-intl.com\/sv\/pryon\/","url":"https:\/\/noram-intl.com\/sv\/pryon\/","name":"Cases - Noram International","isPartOf":{"@id":"https:\/\/noram-intl.com\/sv\/#website"},"datePublished":"2025-02-27T10:23:59+00:00","dateModified":"2025-06-10T14:15:38+00:00","description":"En belgisk anl\u00e4ggning f\u00f6r svavelsyra fick nytt liv efter att en NORAM-konverterare i rostfritt st\u00e5l ersatt den gamla.","breadcrumb":{"@id":"https:\/\/noram-intl.com\/sv\/pryon\/#breadcrumb"},"inLanguage":"sv-SE","potentialAction":[{"@type":"ReadAction","target":["https:\/\/noram-intl.com\/sv\/pryon\/"]}]},{"@type":"BreadcrumbList","@id":"https:\/\/noram-intl.com\/sv\/pryon\/#breadcrumb","itemListElement":[{"@type":"ListItem","position":1,"name":"Hem","item":"https:\/\/noram-intl.com\/sv\/"},{"@type":"ListItem","position":2,"name":"Cases"}]},{"@type":"WebSite","@id":"https:\/\/noram-intl.com\/sv\/#website","url":"https:\/\/noram-intl.com\/sv\/","name":"Noram International","description":"Global technology and engineering solutions for the process and resource industries","potentialAction":[{"@type":"SearchAction","target":{"@type":"EntryPoint","urlTemplate":"https:\/\/noram-intl.com\/sv\/?s={search_term_string}"},"query-input":{"@type":"PropertyValueSpecification","valueRequired":true,"valueName":"search_term_string"}}],"inLanguage":"sv-SE"}]}},"featured_image_src":null,"featured_image_src_square":null,"_links":{"self":[{"href":"https:\/\/noram-intl.com\/sv\/wp-json\/wp\/v2\/pages\/2109","targetHints":{"allow":["GET"]}}],"collection":[{"href":"https:\/\/noram-intl.com\/sv\/wp-json\/wp\/v2\/pages"}],"about":[{"href":"https:\/\/noram-intl.com\/sv\/wp-json\/wp\/v2\/types\/page"}],"author":[{"embeddable":true,"href":"https:\/\/noram-intl.com\/sv\/wp-json\/wp\/v2\/users\/3"}],"replies":[{"embeddable":true,"href":"https:\/\/noram-intl.com\/sv\/wp-json\/wp\/v2\/comments?post=2109"}],"version-history":[{"count":7,"href":"https:\/\/noram-intl.com\/sv\/wp-json\/wp\/v2\/pages\/2109\/revisions"}],"predecessor-version":[{"id":2635,"href":"https:\/\/noram-intl.com\/sv\/wp-json\/wp\/v2\/pages\/2109\/revisions\/2635"}],"wp:attachment":[{"href":"https:\/\/noram-intl.com\/sv\/wp-json\/wp\/v2\/media?parent=2109"}],"curies":[{"name":"wp","href":"https:\/\/api.w.org\/{rel}","templated":true}]}}