{"id":125,"date":"2023-10-12T13:17:32","date_gmt":"2023-10-12T11:17:32","guid":{"rendered":"https:\/\/noram-intl.com\/?page_id=125"},"modified":"2024-11-04T14:50:18","modified_gmt":"2024-11-04T12:50:18","slug":"produkter","status":"publish","type":"page","link":"https:\/\/noram-intl.com\/sv\/produkter\/","title":{"rendered":"Produkter"},"content":{"rendered":"<p>[et_pb_section fb_built=&#8221;1&#8243; next_background_color=&#8221;#f7f7f7&#8243; admin_label=&#8221;Hero&#8221; _builder_version=&#8221;4.27.0&#8243; background_color=&#8221;#f7f7f7&#8243; use_background_color_gradient=&#8221;on&#8221; background_color_gradient_direction=&#8221;70deg&#8221; background_color_gradient_stops=&#8221;#283d4b 0%|rgba(128,103,79,0.5) 100%&#8221; background_color_gradient_overlays_image=&#8221;on&#8221; background_color_gradient_start=&#8221;#283d4b&#8221; background_color_gradient_end=&#8221;rgba(128,103,79,0.5)&#8221; background_image=&#8221;https:\/\/noram-intl.com\/wp-content\/uploads\/2023\/11\/Header_vara_produkter.jpg&#8221; custom_margin=&#8221;||0px||false|false&#8221; custom_padding=&#8221;6vw||215px|||&#8221; bottom_divider_style=&#8221;mountains2&#8243; bottom_divider_height=&#8221;20vw&#8221; bottom_divider_repeat=&#8221;0.5x&#8221; bottom_divider_flip=&#8221;horizontal|vertical&#8221; collapsed=&#8221;off&#8221; global_colors_info=&#8221;{}&#8221;][et_pb_row _builder_version=&#8221;4.16&#8243; custom_margin=&#8221;|||&#8221; custom_padding=&#8221;27px|0px|0|0px|false|false&#8221; global_colors_info=&#8221;{}&#8221;][et_pb_column type=&#8221;4_4&#8243; _builder_version=&#8221;4.16&#8243; custom_padding=&#8221;|||&#8221; global_colors_info=&#8221;{}&#8221; custom_padding__hover=&#8221;|||&#8221;][et_pb_text _builder_version=&#8221;4.27.0&#8243; text_font=&#8221;||||||||&#8221; header_font=&#8221;Josefin Sans|700||on|||||&#8221; header_font_size=&#8221;41px&#8221; header_line_height=&#8221;1.4em&#8221; header_2_font=&#8221;Josefin Sans||||||||&#8221; header_2_text_color=&#8221;rgba(255,255,255,0.6)&#8221; header_2_font_size=&#8221;32px&#8221; header_2_line_height=&#8221;1.4em&#8221; header_4_font=&#8221;Josefin Sans|||on|||||&#8221; background_layout=&#8221;dark&#8221; animation_style=&#8221;slide&#8221; animation_direction=&#8221;right&#8221; animation_intensity_slide=&#8221;4%&#8221; header_font_size_tablet=&#8221;50px&#8221; header_font_size_phone=&#8221;32px&#8221; header_font_size_last_edited=&#8221;on|desktop&#8221; header_2_font_size_tablet=&#8221;&#8221; header_2_font_size_phone=&#8221;24px&#8221; header_2_font_size_last_edited=&#8221;on|phone&#8221; global_colors_info=&#8221;{}&#8221;]<\/p>\n<h1>V\u00e5ra produkter<\/h1>\n<h4>Innovativ och robust design f\u00f6r industri<\/h4>\n<p>[\/et_pb_text][\/et_pb_column][\/et_pb_row][\/et_pb_section][et_pb_section fb_built=&#8221;1&#8243; admin_label=&#8221;Services&#8221; module_id=&#8221;svavelsyra&#8221; _builder_version=&#8221;4.27.0&#8243; background_color=&#8221;#f7f7f7&#8243; custom_padding=&#8221;2px|0px|5px|0|false|false&#8221; collapsed=&#8221;on&#8221; global_colors_info=&#8221;{}&#8221;][et_pb_row _builder_version=&#8221;4.22.2&#8243; module_alignment=&#8221;center&#8221; custom_margin=&#8221;|15rem||15rem|false|true&#8221; custom_margin_tablet=&#8221;|4rem||4rem|false|true&#8221; custom_margin_phone=&#8221;|2rem||2rem|false|true&#8221; custom_margin_last_edited=&#8221;on|phone&#8221; custom_padding=&#8221;30px|0px|0|0px|false|false&#8221; global_colors_info=&#8221;{}&#8221;][et_pb_column type=&#8221;4_4&#8243; _builder_version=&#8221;4.16&#8243; custom_padding=&#8221;|||&#8221; global_colors_info=&#8221;{}&#8221; custom_padding__hover=&#8221;|||&#8221;][et_pb_text _builder_version=&#8221;4.27.0&#8243; text_font=&#8221;Open Sans||||||||&#8221; text_font_size=&#8221;18px&#8221; text_line_height=&#8221;1.8em&#8221; header_font=&#8221;||||||||&#8221; header_text_color=&#8221;rgba(0,0,0,0)&#8221; header_2_font=&#8221;Josefin Sans|700|||||||&#8221; header_2_font_size=&#8221;36px&#8221; header_2_line_height=&#8221;1.4em&#8221; header_3_font=&#8221;Josefin Sans|700||on|||||&#8221; header_3_text_color=&#8221;rgba(43,51,68,0.2)&#8221; max_width=&#8221;1136px&#8221; custom_margin=&#8221;|||&#8221; custom_padding=&#8221;|||&#8221; header_2_font_size_tablet=&#8221;&#8221; header_2_font_size_phone=&#8221;24px&#8221; header_2_font_size_last_edited=&#8221;on|phone&#8221; header_2_line_height_tablet=&#8221;1.4em&#8221; header_2_line_height_phone=&#8221;&#8221; header_2_line_height_last_edited=&#8221;on|desktop&#8221; global_colors_info=&#8221;{}&#8221;]<\/p>\n<p>Noram International tillhandah\u00e5ller h\u00f6gkvalitativa anl\u00e4ggningstekniska produkter f\u00f6r pappers- och massatillverkning, svavelsyra- och svaveldioxidtillverkning. Exempelvis ventiler, r\u00f6r, pl\u00e5tsyraugnar och br\u00e4nnare &#8211; anpassade f\u00f6r de extrema f\u00f6rh\u00e5llanden som r\u00e5der inom dessa industrisegment.<\/p>\n<p>[\/et_pb_text][et_pb_text _builder_version=&#8221;4.27.0&#8243; text_font=&#8221;||||||||&#8221; header_font=&#8221;||||||||&#8221; header_text_color=&#8221;rgba(0,0,0,0)&#8221; header_2_font=&#8221;Josefin Sans|700||on|||||&#8221; header_2_font_size=&#8221;36px&#8221; header_2_line_height=&#8221;1.4em&#8221; header_3_font=&#8221;Josefin Sans|700||on|||||&#8221; header_3_text_color=&#8221;rgba(43,51,68,0.2)&#8221; max_width=&#8221;700px&#8221; custom_margin=&#8221;|||&#8221; custom_padding=&#8221;|||&#8221; header_2_font_size_tablet=&#8221;&#8221; header_2_font_size_phone=&#8221;24px&#8221; header_2_font_size_last_edited=&#8221;on|phone&#8221; header_2_line_height_tablet=&#8221;1.4em&#8221; header_2_line_height_phone=&#8221;&#8221; header_2_line_height_last_edited=&#8221;on|desktop&#8221; global_colors_info=&#8221;{}&#8221;]<\/p>\n<h2>Svavelsyra<\/h2>\n<p>[\/et_pb_text][et_pb_image src=&#8221;https:\/\/noram-intl.com\/wp-content\/uploads\/2023\/10\/streck-noram.svg&#8221; title_text=&#8221;streck-noram&#8221; _builder_version=&#8221;4.22.2&#8243; _module_preset=&#8221;default&#8221; width=&#8221;32%&#8221; width_tablet=&#8221;58%&#8221; width_phone=&#8221;58%&#8221; width_last_edited=&#8221;on|tablet&#8221; custom_margin=&#8221;-2rem||||false|false&#8221; custom_padding=&#8221;0px||||false|false&#8221; global_colors_info=&#8221;{}&#8221;][\/et_pb_image][\/et_pb_column][\/et_pb_row][et_pb_row use_custom_gutter=&#8221;on&#8221; gutter_width=&#8221;2&#8243; custom_padding_last_edited=&#8221;on|tablet&#8221; _builder_version=&#8221;4.22.2&#8243; _module_preset=&#8221;default&#8221; width=&#8221;100%&#8221; module_alignment=&#8221;center&#8221; custom_padding=&#8221;||7rem||false|false&#8221; custom_padding_tablet=&#8221;|4rem|5rem|4rem|false|true&#8221; custom_padding_phone=&#8221;|2rem|0rem|2rem|false|true&#8221; global_colors_info=&#8221;{}&#8221;][et_pb_column type=&#8221;4_4&#8243; _builder_version=&#8221;4.22.2&#8243; _module_preset=&#8221;default&#8221; global_colors_info=&#8221;{}&#8221;][et_pb_blog fullwidth=&#8221;off&#8221; posts_number=&#8221;500&#8243; include_categories=&#8221;18&#8243; use_manual_excerpt=&#8221;off&#8221; excerpt_length=&#8221;100&#8243; show_more=&#8221;on&#8221; show_author=&#8221;off&#8221; show_date=&#8221;off&#8221; show_categories=&#8221;off&#8221; masonry_tile_background_color=&#8221;RGBA(255,255,255,0)&#8221; _builder_version=&#8221;4.22.2&#8243; _module_preset=&#8221;default&#8221; header_font=&#8221;Josefin Sans||||||||&#8221; header_font_size=&#8221;17.5px&#8221; read_more_font=&#8221;Josefin Sans|||on|on||||&#8221; read_more_font_size=&#8221;13px&#8221; width=&#8221;100%&#8221; max_width=&#8221;100%&#8221; module_alignment=&#8221;center&#8221; custom_margin=&#8221;||||false|false&#8221; custom_padding=&#8221;||||false|false&#8221; border_width_all=&#8221;0px&#8221; global_colors_info=&#8221;{}&#8221;][\/et_pb_blog][\/et_pb_column][\/et_pb_row][\/et_pb_section][et_pb_section fb_built=&#8221;1&#8243; prev_background_color=&#8221;#f7f7f7&#8243; next_background_color=&#8221;#f7f7f7&#8243; admin_label=&#8221;Testimonials&#8221; module_id=&#8221;svaveldioxid&#8221; _builder_version=&#8221;4.27.0&#8243; background_color=&#8221;#edeff4&#8243; custom_padding=&#8221;98px|0px|100px|0px|false|false&#8221; top_divider_style=&#8221;mountains2&#8243; bottom_divider_style=&#8221;mountains2&#8243; collapsed=&#8221;on&#8221; global_colors_info=&#8221;{}&#8221;][et_pb_row _builder_version=&#8221;4.22.2&#8243; module_alignment=&#8221;center&#8221; custom_margin=&#8221;|16rem||16rem|false|true&#8221; custom_margin_tablet=&#8221;|4rem||4rem|false|true&#8221; custom_margin_phone=&#8221;|2rem||2rem|false|true&#8221; custom_margin_last_edited=&#8221;on|desktop&#8221; custom_padding=&#8221;30px|0px|0|0px|false|false&#8221; global_colors_info=&#8221;{}&#8221;][et_pb_column type=&#8221;4_4&#8243; _builder_version=&#8221;4.16&#8243; custom_padding=&#8221;|||&#8221; global_colors_info=&#8221;{}&#8221; custom_padding__hover=&#8221;|||&#8221;][et_pb_text _builder_version=&#8221;4.27.0&#8243; text_font=&#8221;||||||||&#8221; header_font=&#8221;||||||||&#8221; header_text_color=&#8221;rgba(0,0,0,0)&#8221; header_2_font=&#8221;Josefin Sans|700||on|||||&#8221; header_2_font_size=&#8221;36px&#8221; header_2_line_height=&#8221;1.4em&#8221; header_3_font=&#8221;Josefin Sans|700||on|||||&#8221; header_3_text_color=&#8221;rgba(43,51,68,0.2)&#8221; max_width=&#8221;700px&#8221; custom_margin=&#8221;|||&#8221; custom_padding=&#8221;|||&#8221; header_2_font_size_tablet=&#8221;&#8221; header_2_font_size_phone=&#8221;24px&#8221; header_2_font_size_last_edited=&#8221;on|phone&#8221; header_2_line_height_tablet=&#8221;1.4em&#8221; header_2_line_height_phone=&#8221;&#8221; header_2_line_height_last_edited=&#8221;on|desktop&#8221; global_colors_info=&#8221;{}&#8221;]<\/p>\n<h2>Svaveldioxid<\/h2>\n<p>[\/et_pb_text][et_pb_image src=&#8221;https:\/\/noram-intl.com\/wp-content\/uploads\/2023\/10\/streck-noram.svg&#8221; title_text=&#8221;streck-noram&#8221; _builder_version=&#8221;4.22.2&#8243; _module_preset=&#8221;default&#8221; width=&#8221;32%&#8221; width_tablet=&#8221;58%&#8221; width_phone=&#8221;58%&#8221; width_last_edited=&#8221;on|tablet&#8221; custom_margin=&#8221;-2rem||||false|false&#8221; custom_padding=&#8221;0px||||false|false&#8221; global_colors_info=&#8221;{}&#8221;][\/et_pb_image][\/et_pb_column][\/et_pb_row][et_pb_row use_custom_gutter=&#8221;on&#8221; gutter_width=&#8221;2&#8243; custom_padding_last_edited=&#8221;on|tablet&#8221; _builder_version=&#8221;4.22.2&#8243; _module_preset=&#8221;default&#8221; width=&#8221;100%&#8221; custom_padding_tablet=&#8221;|4rem||4rem|false|true&#8221; custom_padding_phone=&#8221;|2rem||2rem|false|true&#8221; global_colors_info=&#8221;{}&#8221;][et_pb_column type=&#8221;4_4&#8243; _builder_version=&#8221;4.22.2&#8243; _module_preset=&#8221;default&#8221; global_colors_info=&#8221;{}&#8221;][et_pb_blog fullwidth=&#8221;off&#8221; posts_number=&#8221;500&#8243; include_categories=&#8221;20&#8243; excerpt_length=&#8221;100&#8243; show_more=&#8221;on&#8221; show_author=&#8221;off&#8221; show_date=&#8221;off&#8221; show_categories=&#8221;off&#8221; masonry_tile_background_color=&#8221;RGBA(255,255,255,0)&#8221; _builder_version=&#8221;4.27.2&#8243; _module_preset=&#8221;default&#8221; header_font=&#8221;Josefin Sans|||on|||||&#8221; header_font_size=&#8221;17.5px&#8221; header_line_height=&#8221;1.2em&#8221; read_more_font=&#8221;Josefin Sans|||on|on||||&#8221; read_more_font_size=&#8221;13px&#8221; background_color=&#8221;#edeff4&#8243; hover_enabled=&#8221;0&#8243; border_width_all=&#8221;0px&#8221; global_colors_info=&#8221;{}&#8221; sticky_enabled=&#8221;0&#8243;][\/et_pb_blog][\/et_pb_column][\/et_pb_row][\/et_pb_section][et_pb_section fb_built=&#8221;1&#8243; admin_label=&#8221;Services&#8221; module_id=&#8221;pappermassa&#8221; _builder_version=&#8221;4.27.0&#8243; background_color=&#8221;#f7f7f7&#8243; custom_padding=&#8221;2px|0px|94px|0|false|false&#8221; collapsed=&#8221;on&#8221; global_colors_info=&#8221;{}&#8221;][et_pb_row custom_padding_last_edited=&#8221;on|tablet&#8221; _builder_version=&#8221;4.22.2&#8243; module_alignment=&#8221;center&#8221; custom_margin_tablet=&#8221;|4rem||4rem|false|true&#8221; custom_margin_phone=&#8221;|2rem||2rem|false|false&#8221; custom_margin_last_edited=&#8221;on|phone&#8221; custom_padding=&#8221;30px|0px|0|0px|false|false&#8221; custom_padding_tablet=&#8221;30px|0rem|0|0rem|false|true&#8221; custom_padding_phone=&#8221;30px|0rem|0|0rem|false|true&#8221; global_colors_info=&#8221;{}&#8221;][et_pb_column type=&#8221;4_4&#8243; _builder_version=&#8221;4.16&#8243; custom_padding=&#8221;|||&#8221; global_colors_info=&#8221;{}&#8221; custom_padding__hover=&#8221;|||&#8221;][et_pb_text _builder_version=&#8221;4.27.0&#8243; text_font=&#8221;||||||||&#8221; header_font=&#8221;||||||||&#8221; header_text_color=&#8221;rgba(0,0,0,0)&#8221; header_2_font=&#8221;Josefin Sans|700||on|||||&#8221; header_2_font_size=&#8221;36px&#8221; header_2_line_height=&#8221;1.4em&#8221; header_3_font=&#8221;Josefin Sans|700||on|||||&#8221; header_3_text_color=&#8221;rgba(43,51,68,0.2)&#8221; max_width=&#8221;700px&#8221; custom_margin=&#8221;|||&#8221; custom_padding=&#8221;|||&#8221; header_2_font_size_tablet=&#8221;&#8221; header_2_font_size_phone=&#8221;24px&#8221; header_2_font_size_last_edited=&#8221;on|phone&#8221; header_2_line_height_tablet=&#8221;1.4em&#8221; header_2_line_height_phone=&#8221;&#8221; header_2_line_height_last_edited=&#8221;on|desktop&#8221; global_colors_info=&#8221;{}&#8221;]<\/p>\n<h2>Papper &amp; massa<\/h2>\n<p>[\/et_pb_text][et_pb_image src=&#8221;https:\/\/noram-intl.com\/wp-content\/uploads\/2023\/10\/streck-noram.svg&#8221; title_text=&#8221;streck-noram&#8221; _builder_version=&#8221;4.22.2&#8243; _module_preset=&#8221;default&#8221; width=&#8221;32%&#8221; width_tablet=&#8221;58%&#8221; width_phone=&#8221;58%&#8221; width_last_edited=&#8221;on|tablet&#8221; custom_margin=&#8221;-2rem||||false|false&#8221; custom_padding=&#8221;0px||||false|false&#8221; global_colors_info=&#8221;{}&#8221;][\/et_pb_image][\/et_pb_column][\/et_pb_row][et_pb_row use_custom_gutter=&#8221;on&#8221; gutter_width=&#8221;2&#8243; custom_padding_last_edited=&#8221;on|tablet&#8221; _builder_version=&#8221;4.22.2&#8243; _module_preset=&#8221;default&#8221; background_color=&#8221;RGBA(255,255,255,0)&#8221; width=&#8221;100%&#8221; module_alignment=&#8221;center&#8221; custom_padding_tablet=&#8221;|4rem||4rem|false|false&#8221; custom_padding_phone=&#8221;|2rem||2rem|false|true&#8221; global_colors_info=&#8221;{}&#8221;][et_pb_column type=&#8221;4_4&#8243; _builder_version=&#8221;4.22.2&#8243; _module_preset=&#8221;default&#8221; global_colors_info=&#8221;{}&#8221;][et_pb_blog fullwidth=&#8221;off&#8221; posts_number=&#8221;500&#8243; include_categories=&#8221;21&#8243; use_manual_excerpt=&#8221;off&#8221; excerpt_length=&#8221;100&#8243; show_more=&#8221;on&#8221; show_author=&#8221;off&#8221; show_date=&#8221;off&#8221; show_categories=&#8221;off&#8221; masonry_tile_background_color=&#8221;RGBA(255,255,255,0)&#8221; _builder_version=&#8221;4.27.2&#8243; _module_preset=&#8221;default&#8221; header_font=&#8221;Josefin Sans|||on|||||&#8221; header_font_size=&#8221;17.5px&#8221; header_line_height=&#8221;1.2em&#8221; read_more_font=&#8221;Josefin Sans|||on|on||||&#8221; read_more_font_size=&#8221;13px&#8221; background_color=&#8221;RGBA(255,255,255,0)&#8221; width=&#8221;100%&#8221; max_width=&#8221;100%&#8221; module_alignment=&#8221;center&#8221; min_height=&#8221;1000px&#8221; height=&#8221;1000px&#8221; max_height=&#8221;1000px&#8221; custom_margin=&#8221;||||false|false&#8221; custom_padding=&#8221;||123rem||false|false&#8221; hover_enabled=&#8221;0&#8243; border_width_all=&#8221;0px&#8221; global_colors_info=&#8221;{}&#8221; sticky_enabled=&#8221;0&#8243;][\/et_pb_blog][\/et_pb_column][\/et_pb_row][\/et_pb_section]<\/p>\n","protected":false},"excerpt":{"rendered":"<p>V\u00e5ra produkter Innovativ och robust design f\u00f6r industriNoram International tillhandah\u00e5ller h\u00f6gkvalitativa anl\u00e4ggningstekniska produkter f\u00f6r pappers- och massatillverkning, svavelsyra- och svaveldioxidtillverkning. Exempelvis ventiler, r\u00f6r, pl\u00e5tsyraugnar och br\u00e4nnare &#8211; anpassade f\u00f6r de extrema f\u00f6rh\u00e5llanden som r\u00e5der inom dessa industrisegment.SvavelsyraSvaveldioxidPapper &amp; massa<\/p>\n","protected":false},"author":3,"featured_media":0,"parent":0,"menu_order":0,"comment_status":"closed","ping_status":"closed","template":"","meta":{"_et_pb_use_builder":"on","_et_pb_old_content":"","_et_gb_content_width":"","inline_featured_image":false,"footnotes":""},"class_list":["post-125","page","type-page","status-publish","hentry"],"yoast_head":"<!-- This site is optimized with the Yoast SEO plugin v27.4 - https:\/\/yoast.com\/product\/yoast-seo-wordpress\/ -->\n<title>Produkter - Noram International<\/title>\n<meta name=\"description\" content=\"Tillhandah\u00e5ller h\u00f6gkvalitativa produkter f\u00f6r anl\u00e4ggningskonstruktion inom papper och massa, svavelsyra- och svaveldioxidtillverkning.\" \/>\n<meta name=\"robots\" content=\"index, follow, max-snippet:-1, max-image-preview:large, max-video-preview:-1\" \/>\n<link rel=\"canonical\" href=\"https:\/\/noram-intl.com\/sv\/produkter\/\" \/>\n<meta property=\"og:locale\" content=\"sv_SE\" \/>\n<meta property=\"og:type\" content=\"article\" \/>\n<meta property=\"og:title\" content=\"Produkter - Noram International\" \/>\n<meta property=\"og:description\" content=\"Tillhandah\u00e5ller h\u00f6gkvalitativa produkter f\u00f6r anl\u00e4ggningskonstruktion inom papper och massa, svavelsyra- och svaveldioxidtillverkning.\" \/>\n<meta property=\"og:url\" content=\"https:\/\/noram-intl.com\/sv\/produkter\/\" \/>\n<meta property=\"og:site_name\" content=\"Noram International\" \/>\n<meta property=\"article:modified_time\" content=\"2024-11-04T12:50:18+00:00\" \/>\n<meta name=\"twitter:card\" content=\"summary_large_image\" \/>\n<meta name=\"twitter:label1\" content=\"Ber\u00e4knad l\u00e4stid\" \/>\n\t<meta name=\"twitter:data1\" content=\"10 minuter\" \/>\n<script type=\"application\/ld+json\" class=\"yoast-schema-graph\">{\"@context\":\"https:\\\/\\\/schema.org\",\"@graph\":[{\"@type\":\"WebPage\",\"@id\":\"https:\\\/\\\/noram-intl.com\\\/sv\\\/produkter\\\/\",\"url\":\"https:\\\/\\\/noram-intl.com\\\/sv\\\/produkter\\\/\",\"name\":\"Produkter - Noram International\",\"isPartOf\":{\"@id\":\"https:\\\/\\\/noram-intl.com\\\/sv\\\/#website\"},\"datePublished\":\"2023-10-12T11:17:32+00:00\",\"dateModified\":\"2024-11-04T12:50:18+00:00\",\"description\":\"Tillhandah\u00e5ller h\u00f6gkvalitativa produkter f\u00f6r anl\u00e4ggningskonstruktion inom papper och massa, svavelsyra- och svaveldioxidtillverkning.\",\"breadcrumb\":{\"@id\":\"https:\\\/\\\/noram-intl.com\\\/sv\\\/produkter\\\/#breadcrumb\"},\"inLanguage\":\"sv-SE\",\"potentialAction\":[{\"@type\":\"ReadAction\",\"target\":[\"https:\\\/\\\/noram-intl.com\\\/sv\\\/produkter\\\/\"]}]},{\"@type\":\"BreadcrumbList\",\"@id\":\"https:\\\/\\\/noram-intl.com\\\/sv\\\/produkter\\\/#breadcrumb\",\"itemListElement\":[{\"@type\":\"ListItem\",\"position\":1,\"name\":\"Hem\",\"item\":\"https:\\\/\\\/noram-intl.com\\\/sv\\\/\"},{\"@type\":\"ListItem\",\"position\":2,\"name\":\"Produkter\"}]},{\"@type\":\"WebSite\",\"@id\":\"https:\\\/\\\/noram-intl.com\\\/sv\\\/#website\",\"url\":\"https:\\\/\\\/noram-intl.com\\\/sv\\\/\",\"name\":\"Noram International\",\"description\":\"Global technology and engineering solutions for the process and resource industries\",\"potentialAction\":[{\"@type\":\"SearchAction\",\"target\":{\"@type\":\"EntryPoint\",\"urlTemplate\":\"https:\\\/\\\/noram-intl.com\\\/sv\\\/?s={search_term_string}\"},\"query-input\":{\"@type\":\"PropertyValueSpecification\",\"valueRequired\":true,\"valueName\":\"search_term_string\"}}],\"inLanguage\":\"sv-SE\"}]}<\/script>\n<!-- \/ Yoast SEO plugin. -->","yoast_head_json":{"title":"Produkter - Noram International","description":"Tillhandah\u00e5ller h\u00f6gkvalitativa produkter f\u00f6r anl\u00e4ggningskonstruktion inom papper och massa, svavelsyra- och svaveldioxidtillverkning.","robots":{"index":"index","follow":"follow","max-snippet":"max-snippet:-1","max-image-preview":"max-image-preview:large","max-video-preview":"max-video-preview:-1"},"canonical":"https:\/\/noram-intl.com\/sv\/produkter\/","og_locale":"sv_SE","og_type":"article","og_title":"Produkter - Noram International","og_description":"Tillhandah\u00e5ller h\u00f6gkvalitativa produkter f\u00f6r anl\u00e4ggningskonstruktion inom papper och massa, svavelsyra- och svaveldioxidtillverkning.","og_url":"https:\/\/noram-intl.com\/sv\/produkter\/","og_site_name":"Noram International","article_modified_time":"2024-11-04T12:50:18+00:00","twitter_card":"summary_large_image","twitter_misc":{"Ber\u00e4knad l\u00e4stid":"10 minuter"},"schema":{"@context":"https:\/\/schema.org","@graph":[{"@type":"WebPage","@id":"https:\/\/noram-intl.com\/sv\/produkter\/","url":"https:\/\/noram-intl.com\/sv\/produkter\/","name":"Produkter - Noram International","isPartOf":{"@id":"https:\/\/noram-intl.com\/sv\/#website"},"datePublished":"2023-10-12T11:17:32+00:00","dateModified":"2024-11-04T12:50:18+00:00","description":"Tillhandah\u00e5ller h\u00f6gkvalitativa produkter f\u00f6r anl\u00e4ggningskonstruktion inom papper och massa, svavelsyra- och svaveldioxidtillverkning.","breadcrumb":{"@id":"https:\/\/noram-intl.com\/sv\/produkter\/#breadcrumb"},"inLanguage":"sv-SE","potentialAction":[{"@type":"ReadAction","target":["https:\/\/noram-intl.com\/sv\/produkter\/"]}]},{"@type":"BreadcrumbList","@id":"https:\/\/noram-intl.com\/sv\/produkter\/#breadcrumb","itemListElement":[{"@type":"ListItem","position":1,"name":"Hem","item":"https:\/\/noram-intl.com\/sv\/"},{"@type":"ListItem","position":2,"name":"Produkter"}]},{"@type":"WebSite","@id":"https:\/\/noram-intl.com\/sv\/#website","url":"https:\/\/noram-intl.com\/sv\/","name":"Noram International","description":"Global technology and engineering solutions for the process and resource industries","potentialAction":[{"@type":"SearchAction","target":{"@type":"EntryPoint","urlTemplate":"https:\/\/noram-intl.com\/sv\/?s={search_term_string}"},"query-input":{"@type":"PropertyValueSpecification","valueRequired":true,"valueName":"search_term_string"}}],"inLanguage":"sv-SE"}]}},"featured_image_src":null,"featured_image_src_square":null,"_links":{"self":[{"href":"https:\/\/noram-intl.com\/sv\/wp-json\/wp\/v2\/pages\/125","targetHints":{"allow":["GET"]}}],"collection":[{"href":"https:\/\/noram-intl.com\/sv\/wp-json\/wp\/v2\/pages"}],"about":[{"href":"https:\/\/noram-intl.com\/sv\/wp-json\/wp\/v2\/types\/page"}],"author":[{"embeddable":true,"href":"https:\/\/noram-intl.com\/sv\/wp-json\/wp\/v2\/users\/3"}],"replies":[{"embeddable":true,"href":"https:\/\/noram-intl.com\/sv\/wp-json\/wp\/v2\/comments?post=125"}],"version-history":[{"count":24,"href":"https:\/\/noram-intl.com\/sv\/wp-json\/wp\/v2\/pages\/125\/revisions"}],"predecessor-version":[{"id":1880,"href":"https:\/\/noram-intl.com\/sv\/wp-json\/wp\/v2\/pages\/125\/revisions\/1880"}],"wp:attachment":[{"href":"https:\/\/noram-intl.com\/sv\/wp-json\/wp\/v2\/media?parent=125"}],"curies":[{"name":"wp","href":"https:\/\/api.w.org\/{rel}","templated":true}]}}